{"id":159,"date":"2019-03-19T17:55:52","date_gmt":"2018-11-22T19:54:15","guid":{"rendered":"http:\/\/www.unmaterial.website\/capacitacion-2\/"},"modified":"2019-03-19T18:33:59","modified_gmt":"2019-03-19T18:33:59","slug":"capacitacion-2","status":"publish","type":"page","link":"https:\/\/www.shalombait.org.ar\/en\/capacitacion-2\/","title":{"rendered":"Capacitation Copy"},"content":{"rendered":"","protected":false},"excerpt":{"rendered":"","protected":false},"author":1,"featured_media":0,"parent":0,"menu_order":12,"comment_status":"closed","ping_status":"closed","template":"","meta":[],"class_list":["post-159","page","type-page","status-publish","hentry"],"yoast_head":"<!-- This site is optimized with the Yoast SEO plugin v20.2.1 - https:\/\/yoast.com\/wordpress\/plugins\/seo\/ -->\n<title>Capacitation Copy - Shalom Bait<\/title>\n<meta name=\"robots\" content=\"index, follow, max-snippet:-1, max-image-preview:large, max-video-preview:-1\" \/>\n<link rel=\"canonical\" href=\"https:\/\/www.shalombait.org.ar\/capacitacion-2\/\" \/>\n<meta property=\"og:locale\" content=\"en_US\" \/>\n<meta property=\"og:type\" content=\"article\" \/>\n<meta property=\"og:title\" content=\"[:en]Capacitation Copy[:es]T\u00edtulo Capacitaci\u00f3n[:]\" \/>\n<meta property=\"og:url\" content=\"https:\/\/www.shalombait.org.ar\/capacitacion-2\/\" \/>\n<meta property=\"og:site_name\" content=\"Shalom Bait\" \/>\n<meta property=\"article:modified_time\" content=\"2019-03-19T18:33:59+00:00\" \/>\n<meta name=\"twitter:card\" content=\"summary_large_image\" \/>\n<script type=\"application\/ld+json\" class=\"yoast-schema-graph\">{\"@context\":\"https:\/\/schema.org\",\"@graph\":[{\"@type\":\"WebPage\",\"@id\":\"https:\/\/www.shalombait.org.ar\/capacitacion-2\/\",\"url\":\"https:\/\/www.shalombait.org.ar\/capacitacion-2\/\",\"name\":\"[:en]Capacitation Copy[:es]T\u00edtulo Capacitaci\u00f3n[:] - Shalom Bait\",\"isPartOf\":{\"@id\":\"https:\/\/www.shalombait.org.ar\/#website\"},\"datePublished\":\"2018-11-22T19:54:15+00:00\",\"dateModified\":\"2019-03-19T18:33:59+00:00\",\"breadcrumb\":{\"@id\":\"https:\/\/www.shalombait.org.ar\/capacitacion-2\/#breadcrumb\"},\"inLanguage\":\"en-US\",\"potentialAction\":[{\"@type\":\"ReadAction\",\"target\":[\"https:\/\/www.shalombait.org.ar\/capacitacion-2\/\"]}]},{\"@type\":\"BreadcrumbList\",\"@id\":\"https:\/\/www.shalombait.org.ar\/capacitacion-2\/#breadcrumb\",\"itemListElement\":[{\"@type\":\"ListItem\",\"position\":1,\"name\":\"Portada\",\"item\":\"https:\/\/www.shalombait.org.ar\/\"},{\"@type\":\"ListItem\",\"position\":2,\"name\":\"T\u00edtulo Capacitaci\u00f3n\"}]},{\"@type\":\"WebSite\",\"@id\":\"https:\/\/www.shalombait.org.ar\/#website\",\"url\":\"https:\/\/www.shalombait.org.ar\/\",\"name\":\"Shalom Bait\",\"description\":\"Defendemos el derecho a vivir en un hogar sin violencia\",\"publisher\":{\"@id\":\"https:\/\/www.shalombait.org.ar\/#organization\"},\"potentialAction\":[{\"@type\":\"SearchAction\",\"target\":{\"@type\":\"EntryPoint\",\"urlTemplate\":\"https:\/\/www.shalombait.org.ar\/?s={search_term_string}\"},\"query-input\":\"required name=search_term_string\"}],\"inLanguage\":\"en-US\"},{\"@type\":\"Organization\",\"@id\":\"https:\/\/www.shalombait.org.ar\/#organization\",\"name\":\"Shalom Bait\",\"url\":\"https:\/\/www.shalombait.org.ar\/\",\"logo\":{\"@type\":\"ImageObject\",\"inLanguage\":\"en-US\",\"@id\":\"https:\/\/www.shalombait.org.ar\/#\/schema\/logo\/image\/\",\"url\":\"https:\/\/www.shalombait.org.ar\/wp-content\/uploads\/2018\/11\/Logo-header.png\",\"contentUrl\":\"https:\/\/www.shalombait.org.ar\/wp-content\/uploads\/2018\/11\/Logo-header.png\",\"width\":778,\"height\":143,\"caption\":\"Shalom Bait\"},\"image\":{\"@id\":\"https:\/\/www.shalombait.org.ar\/#\/schema\/logo\/image\/\"}}]}<\/script>\n<!-- \/ Yoast SEO plugin. -->","yoast_head_json":{"title":"[:en]Capacitation Copy[:es]T\u00edtulo Capacitaci\u00f3n[:] - Shalom Bait","robots":{"index":"index","follow":"follow","max-snippet":"max-snippet:-1","max-image-preview":"max-image-preview:large","max-video-preview":"max-video-preview:-1"},"canonical":"https:\/\/www.shalombait.org.ar\/capacitacion-2\/","og_locale":"en_US","og_type":"article","og_title":"[:en]Capacitation Copy[:es]T\u00edtulo Capacitaci\u00f3n[:]","og_url":"https:\/\/www.shalombait.org.ar\/capacitacion-2\/","og_site_name":"Shalom Bait","article_modified_time":"2019-03-19T18:33:59+00:00","twitter_card":"summary_large_image","schema":{"@context":"https:\/\/schema.org","@graph":[{"@type":"WebPage","@id":"https:\/\/www.shalombait.org.ar\/capacitacion-2\/","url":"https:\/\/www.shalombait.org.ar\/capacitacion-2\/","name":"[:en]Capacitation Copy[:es]T\u00edtulo Capacitaci\u00f3n[:] - Shalom Bait","isPartOf":{"@id":"https:\/\/www.shalombait.org.ar\/#website"},"datePublished":"2018-11-22T19:54:15+00:00","dateModified":"2019-03-19T18:33:59+00:00","breadcrumb":{"@id":"https:\/\/www.shalombait.org.ar\/capacitacion-2\/#breadcrumb"},"inLanguage":"en-US","potentialAction":[{"@type":"ReadAction","target":["https:\/\/www.shalombait.org.ar\/capacitacion-2\/"]}]},{"@type":"BreadcrumbList","@id":"https:\/\/www.shalombait.org.ar\/capacitacion-2\/#breadcrumb","itemListElement":[{"@type":"ListItem","position":1,"name":"Portada","item":"https:\/\/www.shalombait.org.ar\/"},{"@type":"ListItem","position":2,"name":"T\u00edtulo Capacitaci\u00f3n"}]},{"@type":"WebSite","@id":"https:\/\/www.shalombait.org.ar\/#website","url":"https:\/\/www.shalombait.org.ar\/","name":"Shalom Bait","description":"Defendemos el derecho a vivir en un hogar sin violencia","publisher":{"@id":"https:\/\/www.shalombait.org.ar\/#organization"},"potentialAction":[{"@type":"SearchAction","target":{"@type":"EntryPoint","urlTemplate":"https:\/\/www.shalombait.org.ar\/?s={search_term_string}"},"query-input":"required name=search_term_string"}],"inLanguage":"en-US"},{"@type":"Organization","@id":"https:\/\/www.shalombait.org.ar\/#organization","name":"Shalom Bait","url":"https:\/\/www.shalombait.org.ar\/","logo":{"@type":"ImageObject","inLanguage":"en-US","@id":"https:\/\/www.shalombait.org.ar\/#\/schema\/logo\/image\/","url":"https:\/\/www.shalombait.org.ar\/wp-content\/uploads\/2018\/11\/Logo-header.png","contentUrl":"https:\/\/www.shalombait.org.ar\/wp-content\/uploads\/2018\/11\/Logo-header.png","width":778,"height":143,"caption":"Shalom Bait"},"image":{"@id":"https:\/\/www.shalombait.org.ar\/#\/schema\/logo\/image\/"}}]}},"grid":"{\r\n  \"colCount\": 30,\r\n  \"colGutter\": 0.2,\r\n  \"rowGutters\": [\r\n    5,\r\n    0,\r\n    0\r\n  ],\r\n  \"frameMargin\": 0,\r\n  \"topFrameMargin\": 70,\r\n  \"bottomFrameMargin\": 0,\r\n  \"rowAttrs\": [\r\n    {},\r\n    {\r\n      \"bgcolor\": \"#f1f1ee\"\r\n    },\r\n    {\r\n      \"bgcolor\": \"#f1f1ee\"\r\n    },\r\n    {\r\n      \"bgcolor\": \"#f1f1ee\"\r\n    }\r\n  ],\r\n  \"bgColor\": null,\r\n  \"cont\": [\r\n    {\r\n      \"type\": \"text\",\r\n      \"cont\": \"<h1 class=\\\"_Titulo_Seccion\\\">CAPACITATION<\/h1>\",\r\n      \"align\": \"top\",\r\n      \"row\": 0,\r\n      \"col\": 6,\r\n      \"colspan\": 18,\r\n      \"offsetx\": 0,\r\n      \"offsety\": 0,\r\n      \"spaceabove\": 10,\r\n      \"spacebelow\": 0,\r\n      \"yvel\": 1,\r\n      \"push\": 6,\r\n      \"relid\": 4\r\n    },\r\n    {\r\n      \"type\": \"text\",\r\n      \"cont\": \"<h1 class=\\\"_Sub_Titulo\\\"><span style=\\\"color: #75328b;\\\">LAS SE\u00d1ALES DE ALERTA<\/span><\/h1><p>\u00a0<\/p><p class=\\\"_Texto\\\" style=\\\"text-align: center;\\\">La violencia en las relaciones de pareja comienza de un modo muy sutil, con actitudes y comportamientos que pueden confundirse con gestos de amor. La violencia no siempre produce da\u00f1o f\u00edsico, pero siempre produce da\u00f1o psicol\u00f3gico. Las actitudes que te generan tristeza, angustia, inseguridad o verg\u00fcenza son se\u00f1ales de maltrato.<\/p>\",\r\n      \"align\": \"top\",\r\n      \"row\": 1,\r\n      \"col\": 6,\r\n      \"colspan\": 18,\r\n      \"offsetx\": 0,\r\n      \"offsety\": 0,\r\n      \"spaceabove\": 5,\r\n      \"spacebelow\": 5,\r\n      \"yvel\": 1,\r\n      \"push\": 6,\r\n      \"relid\": 5\r\n    },\r\n    {\r\n      \"type\": \"text\",\r\n      \"cont\": \"\",\r\n      \"align\": \"top\",\r\n      \"row\": 2,\r\n      \"col\": 3,\r\n      \"colspan\": 7,\r\n      \"offsetx\": 0,\r\n      \"offsety\": 0,\r\n      \"spaceabove\": 0,\r\n      \"spacebelow\": 0,\r\n      \"yvel\": 1,\r\n      \"push\": 3,\r\n      \"relid\": 10,\r\n      \"frameOverflow\": \"\"\r\n    },\r\n    {\r\n      \"type\": \"text\",\r\n      \"cont\": \"\",\r\n      \"align\": \"top\",\r\n      \"row\": 2,\r\n      \"col\": 11,\r\n      \"colspan\": 16,\r\n      \"offsetx\": 0,\r\n      \"offsety\": 0,\r\n      \"spaceabove\": 0,\r\n      \"spacebelow\": 5,\r\n      \"yvel\": 1,\r\n      \"push\": 1,\r\n      \"relid\": 8,\r\n      \"frameOverflow\": \"\"\r\n    },\r\n    {\r\n      \"type\": \"text\",\r\n      \"cont\": \"\",\r\n      \"align\": \"top\",\r\n      \"row\": 3,\r\n      \"col\": 3,\r\n      \"colspan\": 3,\r\n      \"offsetx\": 0,\r\n      \"offsety\": 0,\r\n      \"spaceabove\": 0,\r\n      \"spacebelow\": 0,\r\n      \"yvel\": 1,\r\n      \"push\": 3,\r\n      \"relid\": 6,\r\n      \"frameOverflow\": \"\",\r\n      \"classes\": \"boton_inscripcion\"\r\n    },\r\n    {\r\n      \"type\": \"text\",\r\n      \"cont\": \"\",\r\n      \"align\": \"top\",\r\n      \"row\": 3,\r\n      \"col\": 11,\r\n      \"colspan\": 7,\r\n      \"offsetx\": 0,\r\n      \"offsety\": 0,\r\n      \"spaceabove\": 0,\r\n      \"spacebelow\": 5,\r\n      \"yvel\": 1,\r\n      \"push\": 5,\r\n      \"relid\": 7,\r\n      \"frameOverflow\": \"\"\r\n    },\r\n    {\r\n      \"type\": \"text\",\r\n      \"cont\": \"\",\r\n      \"align\": \"top\",\r\n      \"row\": 3,\r\n      \"col\": 20,\r\n      \"colspan\": 7,\r\n      \"offsetx\": 0,\r\n      \"offsety\": 0,\r\n      \"spaceabove\": 0,\r\n      \"spacebelow\": 5,\r\n      \"yvel\": 1,\r\n      \"push\": 2,\r\n      \"relid\": 11\r\n    }\r\n  ]\r\n}","phonegrid":"","_links":{"self":[{"href":"https:\/\/www.shalombait.org.ar\/en\/wp-json\/wp\/v2\/pages\/159","targetHints":{"allow":["GET"]}}],"collection":[{"href":"https:\/\/www.shalombait.org.ar\/en\/wp-json\/wp\/v2\/pages"}],"about":[{"href":"https:\/\/www.shalombait.org.ar\/en\/wp-json\/wp\/v2\/types\/page"}],"author":[{"embeddable":true,"href":"https:\/\/www.shalombait.org.ar\/en\/wp-json\/wp\/v2\/users\/1"}],"replies":[{"embeddable":true,"href":"https:\/\/www.shalombait.org.ar\/en\/wp-json\/wp\/v2\/comments?post=159"}],"version-history":[{"count":0,"href":"https:\/\/www.shalombait.org.ar\/en\/wp-json\/wp\/v2\/pages\/159\/revisions"}],"wp:attachment":[{"href":"https:\/\/www.shalombait.org.ar\/en\/wp-json\/wp\/v2\/media?parent=159"}],"curies":[{"name":"wp","href":"https:\/\/api.w.org\/{rel}","templated":true}]}}